{"id":9209,"date":"2023-08-02T14:36:46","date_gmt":"2023-08-02T12:36:46","guid":{"rendered":"https:\/\/gipo.eu\/gdpr\/"},"modified":"2023-08-23T16:09:34","modified_gmt":"2023-08-23T14:09:34","slug":"gdpr","status":"publish","type":"page","link":"https:\/\/gipo.eu\/da\/gdpr\/","title":{"rendered":"GDPR"},"content":{"rendered":"\t\t<div data-elementor-type=\"wp-page\" data-elementor-id=\"9209\" class=\"elementor elementor-9209 elementor-9114\" data-elementor-post-type=\"page\">\n\t\t\t\t\t\t<section class=\"elementor-section elementor-top-section elementor-element elementor-element-51b5dfa elementor-section-boxed elementor-section-height-default elementor-section-height-default\" data-id=\"51b5dfa\" data-element_type=\"section\" data-e-type=\"section\">\n\t\t\t\t\t\t<div class=\"elementor-container elementor-column-gap-default\">\n\t\t\t\t\t<div class=\"elementor-column elementor-col-100 elementor-top-column elementor-element elementor-element-571869e\" data-id=\"571869e\" data-element_type=\"column\" data-e-type=\"column\">\n\t\t\t<div class=\"elementor-widget-wrap elementor-element-populated\">\n\t\t\t\t\t\t<div class=\"elementor-element elementor-element-4c5b941 elementor-widget elementor-widget-heading\" data-id=\"4c5b941\" data-element_type=\"widget\" data-e-type=\"widget\" data-widget_type=\"heading.default\">\n\t\t\t\t<div class=\"elementor-widget-container\">\n\t\t\t\t\t<h3 class=\"elementor-heading-title elementor-size-default\">Information om behandling af personoplysninger\n<\/h3>\t\t\t\t<\/div>\n\t\t\t\t<\/div>\n\t\t\t\t<section class=\"elementor-section elementor-inner-section elementor-element elementor-element-eabbadf elementor-section-boxed elementor-section-height-default elementor-section-height-default\" data-id=\"eabbadf\" data-element_type=\"section\" data-e-type=\"section\">\n\t\t\t\t\t\t<div class=\"elementor-container elementor-column-gap-default\">\n\t\t\t\t\t<div class=\"elementor-column elementor-col-50 elementor-inner-column elementor-element elementor-element-54be968\" data-id=\"54be968\" data-element_type=\"column\" data-e-type=\"column\">\n\t\t\t<div class=\"elementor-widget-wrap elementor-element-populated\">\n\t\t\t\t\t\t<div class=\"elementor-element elementor-element-247fca1 elementor-widget elementor-widget-text-editor\" data-id=\"247fca1\" data-element_type=\"widget\" data-e-type=\"widget\" data-widget_type=\"text-editor.default\">\n\t\t\t\t<div class=\"elementor-widget-container\">\n\t\t\t\t\t\t\t\t\t<p>I forbindelse med kravene i Europa-Parlamentets og R\u00e5dets Forordning (EU) 2016\/679 af 27. april 2016 om beskyttelse af fysiske personer i forbindelse med behandling af personoplysninger og om fri udveksling af s\u00e5danne oplysninger og om oph\u00e6velse af direktiv 95\/46\/EF (generel forordning om databeskyttelse &#8220;GDPR&#8221;), informerer vi dig om principper for behandling af dine personoplysninger og om dine rettigheder dermed.<br \/><br \/>1. Den dataansvarlige af dine personoplysninger er Gipo Sp. z o.o med hjemsted i ul. Bohater\u00f3w Warszawy 35, 75-211, Koszalin; optaget i Virksomhedsregistret ved Byretten i Koszalin IX. Afdeling af Retsregistret under numret 0000260043.<br \/><br \/>2. Dataansvarliges kontaktoplysninger: Tlf.:\u00a0<b>+48 94 340-09-09<\/b>, e-mail:\u00a0<b>office@gipo.eu<\/b>.<br \/><br \/>3. Vi behandler dine data med f\u00f8lgende form\u00e5l:<br \/>a) for at udf\u00f8re ordren eller opfylde kontrakten, for hvilken oplysninger blev overf\u00f8rt til selskabet, for eksempel for at realisere rekrutteringsprocessen, etablere et forhold, en samarbejdsaftale eller en anden handelsaftale, afh\u00e6ngig af omst\u00e6ndighederne.<br \/>b) for at ud\u00f8ve handelsaktiviteten af Selskabet og at yde tjenester omtalt i kontrakter, som er blevet indg\u00e5et med kunder eller at udf\u00f8re handlinger p\u00e5 anmodning af kunden eller i forbindelse med indg\u00e5else af kontrakten.<br \/>c) Selskabet er underlagt en r\u00e6kke retlige forpligtelser, f.eks. som f\u00f8lger af den g\u00e6ldende skattelove, arbejdsret og social sikring og andre myndighedskrav. Selskabet kan ogs\u00e5 v\u00e6re forpligtet til at udf\u00f8re opgaver i samfundets interesse, is\u00e6r at forebygge strafbare handlinger. Hvis det bliver n\u00f8dvendigt, vil vi behandle dine data med henblik p\u00e5 at opfylde kravene p\u00e5lagt bl.a. af de ovenn\u00e6vnte regler.<br \/>d) Vi kan ogs\u00e5 behandle dine data med f\u00f8lgende form\u00e5l: identifikation af kunder og deres repr\u00e6sentanter, overv\u00e5gning af rettidig betaling af forpligtelser og risikostyring i selskabet, udf\u00f8relse af opgaver i overensstemmelse med skattelovgivningen.<br \/>e) Dine data kan ogs\u00e5 blive behandlet med henblik p\u00e5 legitim interesser, som realiseres af Selskabet eller en tredjepart, n\u00e5r de bliver n\u00f8dt til at g\u00f8re krav g\u00e6ldende eller at forsvare sig mod krav, til selskabets interne administrative form\u00e5l, dvs.: personalesp\u00f8rgsm\u00e5l eller sp\u00f8rgsm\u00e5l om samarbejde, analyse og selskabets interne rapportering.<\/p>\t\t\t\t\t\t\t\t<\/div>\n\t\t\t\t<\/div>\n\t\t\t\t\t<\/div>\n\t\t<\/div>\n\t\t\t\t<div class=\"elementor-column elementor-col-50 elementor-inner-column elementor-element elementor-element-04224bb\" data-id=\"04224bb\" data-element_type=\"column\" data-e-type=\"column\">\n\t\t\t<div class=\"elementor-widget-wrap elementor-element-populated\">\n\t\t\t\t\t\t<div class=\"elementor-element elementor-element-d95bc1f elementor-widget elementor-widget-text-editor\" data-id=\"d95bc1f\" data-element_type=\"widget\" data-e-type=\"widget\" data-widget_type=\"text-editor.default\">\n\t\t\t\t<div class=\"elementor-widget-container\">\n\t\t\t\t\t\t\t\t\t<p>4. Du har ret til indsigt i eller berigtigelse, sletning af personoplysninger eller begr\u00e6nsning af behandling, samt retten til at g\u00f8re indsigelse mod behandling, anmode undladelse af behandling og dataportabilitet, samt retten til at tr\u00e6kke samtykke tilbage p\u00e5 ethvert tidspunkt, og retten til at indgive en klage til en tilsynsmyndighed &#8211; Formand i Kontoret for beskyttelse af personoplysninger.<br \/><br \/>5. Meddelelse af personoplysninger er frivilligt, men n\u00f8dvendigt for at udf\u00f8re de \u00f8nskede handlinger eller til at indg\u00e5 og opfylde kontrakten med Selskabet. Hvis selskabet ikke f\u00e5 de n\u00f8dvendige oplysninger eller dokumenter, kan selskabet ikke udf\u00f8re de \u00f8nskede handlinger eller indg\u00e5 og opfylde kontrakter, udf\u00f8re tjenester.<br \/><br \/>6. Dine data skal ikke overlades til tredjepart. Modtagere af data er kun institutioner, der er autoriseret i henhold til lov.<br \/><br \/>7. Dine data skal ikke profileres eller behandles automatisk.<br \/><br \/>8. Den dataansvarlige har ikke til hensigt at overf\u00f8re dataoplysninger til et tredjeland eller en international organisation.<br \/><br \/>9. Persondata skal opbevares i en periode, som er n\u00f8dvendigt for at opn\u00e5 form\u00e5let med behandlingen i punkt 3, dvs.:<br \/>a) for at opfylde kontrakten indg\u00e5et med selskabet &#8211; indtil kontraktens opfyldelse, og derefter i en periode, der er p\u00e5kr\u00e6vet efter lov eller for at gennemf\u00f8re mulige krav;<br \/>b) for at opfylde retlige forpligtelser, der p\u00e5hviler selskabet i forbindelse med driften og opfyldelse af indg\u00e5ede kontrakter &#8211; indtil opfyldelse af selskabets forpligtelser;<br \/>c) for behandling, som foretages udelukkende p\u00e5 grundlag af et samtykke &#8211; indtil omg\u00e5ende sletning af data p\u00e5 grund af din krav om sletning;<br \/>d) indtil opfyldelse af selskabets legitime interesser, som er grundlaget for behandlingen, eller indtil du indsiger en s\u00e5dan behandling, medmindre der er legitime grund til yderligere behandling:<br \/>e) i forbindelse med gennemf\u00f8relsen af rekrutteringsprocessen &#8211; i 6 m\u00e5neder;<br \/>f) i forbindelse med gennemf\u00f8relsen af fremtidige rekrutteringsprocesser &#8211; i 2 \u00e5r.<\/p>\t\t\t\t\t\t\t\t<\/div>\n\t\t\t\t<\/div>\n\t\t\t\t\t<\/div>\n\t\t<\/div>\n\t\t\t\t\t<\/div>\n\t\t<\/section>\n\t\t\t\t\t<\/div>\n\t\t<\/div>\n\t\t\t\t\t<\/div>\n\t\t<\/section>\n\t\t\t\t<\/div>\n\t\t","protected":false},"excerpt":{"rendered":"<p>Information om behandling af personoplysninger I forbindelse med kravene i Europa-Parlamentets og R\u00e5dets Forordning (EU) 2016\/679 af 27. april 2016 om beskyttelse af fysiske personer i forbindelse med behandling af personoplysninger og om fri udveksling af s\u00e5danne oplysninger og om oph\u00e6velse af direktiv 95\/46\/EF (generel forordning om databeskyttelse &#8220;GDPR&#8221;), informerer vi dig om principper for [&hellip;]<\/p>\n","protected":false},"author":3,"featured_media":9292,"parent":0,"menu_order":0,"comment_status":"closed","ping_status":"closed","template":"","meta":{"_seopress_robots_primary_cat":"","_seopress_titles_title":"","_seopress_titles_desc":"","_seopress_robots_index":"","_seopress_analysis_target_kw":"","footnotes":""},"class_list":["post-9209","page","type-page","status-publish","has-post-thumbnail","hentry"],"pp_statuses_selecting_workflow":false,"pp_workflow_action":"current","pp_status_selection":"publish","pp_force_visibility":null,"pp_subpost_visibility":null,"pp_inherited_force_visibility":null,"pp_inherited_subpost_visibility":null,"_links":{"self":[{"href":"https:\/\/gipo.eu\/da\/wp-json\/wp\/v2\/pages\/9209","targetHints":{"allow":["GET"]}}],"collection":[{"href":"https:\/\/gipo.eu\/da\/wp-json\/wp\/v2\/pages"}],"about":[{"href":"https:\/\/gipo.eu\/da\/wp-json\/wp\/v2\/types\/page"}],"author":[{"embeddable":true,"href":"https:\/\/gipo.eu\/da\/wp-json\/wp\/v2\/users\/3"}],"replies":[{"embeddable":true,"href":"https:\/\/gipo.eu\/da\/wp-json\/wp\/v2\/comments?post=9209"}],"version-history":[{"count":0,"href":"https:\/\/gipo.eu\/da\/wp-json\/wp\/v2\/pages\/9209\/revisions"}],"wp:featuredmedia":[{"embeddable":true,"href":"https:\/\/gipo.eu\/da\/wp-json\/wp\/v2\/media\/9292"}],"wp:attachment":[{"href":"https:\/\/gipo.eu\/da\/wp-json\/wp\/v2\/media?parent=9209"}],"curies":[{"name":"wp","href":"https:\/\/api.w.org\/{rel}","templated":true}]}}